{"id":535,"date":"2023-04-12T17:29:29","date_gmt":"2023-04-12T15:29:29","guid":{"rendered":"http:\/\/sintetica.de\/?page_id=535"},"modified":"2023-05-16T11:18:02","modified_gmt":"2023-05-16T09:18:02","slug":"anfahrt","status":"publish","type":"page","link":"https:\/\/sintetica.de\/de-at\/anfahrt\/","title":{"rendered":"Anfahrt"},"content":{"rendered":"<p>[et_pb_section fb_built=&#8220;1&#8243; fullwidth=&#8220;on&#8220; module_class=&#8220;banner&#8220; _builder_version=&#8220;4.20.2&#8243; _module_preset=&#8220;default&#8220; background_image=&#8220;http:\/\/sintetica.de\/wp-content\/uploads\/2023\/03\/sintetica-gebaeude-scaled.jpg&#8220; global_colors_info=&#8220;{}&#8220;][et_pb_fullwidth_code _builder_version=&#8220;4.20.2&#8243; _module_preset=&#8220;default&#8220; global_colors_info=&#8220;{}&#8220;]<\/p>\n<div class=\"banner-text banner-text-einzeilig\"><!-- [et_pb_line_break_holder] -->  <pee class=\"animieren fadeToTop\"><!-- [et_pb_line_break_holder] -->   \tAnfahrt<!-- [et_pb_line_break_holder] -->  <\/pee><!-- [et_pb_line_break_holder] -->  <\/p>\n<hr>\n<p><!-- [et_pb_line_break_holder] -->  <pee><!-- [et_pb_line_break_holder] -->    <!-- [et_pb_line_break_holder] -->  <\/pee><!-- [et_pb_line_break_holder] --><\/div>\n<p>[\/et_pb_fullwidth_code][\/et_pb_section][et_pb_section fb_built=&#8220;1&#8243; admin_label=&#8220;running Men\u00fc&#8220; module_class=&#8220;running-menu-outer&#8220; _builder_version=&#8220;4.20.4&#8243; _module_preset=&#8220;default&#8220; global_module=&#8220;412&#8243; saved_tabs=&#8220;all&#8220; global_colors_info=&#8220;{}&#8220;][et_pb_row _builder_version=&#8220;4.20.2&#8243; _module_preset=&#8220;default&#8220; global_colors_info=&#8220;{}&#8220;][et_pb_column type=&#8220;4_4&#8243; _builder_version=&#8220;4.20.2&#8243; _module_preset=&#8220;default&#8220; global_colors_info=&#8220;{}&#8220;][et_pb_code _builder_version=&#8220;4.20.4&#8243; _module_preset=&#8220;default&#8220; global_colors_info=&#8220;{}&#8220;]<\/p>\n<div class=\"running-menu\"><!-- [et_pb_line_break_holder] -->  <\/p>\n<div><!-- [et_pb_line_break_holder] -->    <img decoding=\"async\" src=\"\/wp-content\/uploads\/2023\/03\/icon-kontakt-navi.svg\" height=\"18px\"><!-- [et_pb_line_break_holder] -->    <a href=\"\/kundenservice\/\">Kontakt<\/a><!-- [et_pb_line_break_holder] -->  <\/div>\n<p><!-- [et_pb_line_break_holder] -->  <\/p>\n<div><!-- [et_pb_line_break_holder] -->    <img decoding=\"async\" src=\"\/wp-content\/uploads\/2023\/03\/icon-e-mail-navi.svg\" height=\"18px\"><!-- [et_pb_line_break_holder] -->    <a href=\"mailto:kontakt@sintetica.com\">kontakt@sintetica.com<\/a><!-- [et_pb_line_break_holder] -->  <\/div>\n<p><!-- [et_pb_line_break_holder] -->  <\/p>\n<div><!-- [et_pb_line_break_holder] -->    <img decoding=\"async\" src=\"\/wp-content\/uploads\/2023\/03\/icon-telefon-navi.svg\" height=\"18px\"><!-- [et_pb_line_break_holder] -->    <a href=\"tel:+49 251 91 59 65 0\">+49 251 91 59 65 0<\/a><!-- [et_pb_line_break_holder] -->  <\/div>\n<p><!-- [et_pb_line_break_holder] -->  <\/p>\n<div><!-- [et_pb_line_break_holder] -->    \n<div role=\"navigation\" aria-label=\"Language Switcher\" class=\"wpml-ls-statics-shortcode_actions wpml-ls wpml-ls-legacy-list-horizontal\">\n\t<ul><li class=\"wpml-ls-slot-shortcode_actions wpml-ls-item wpml-ls-item-de wpml-ls-first-item wpml-ls-item-legacy-list-horizontal\">\n\t\t\t\t<a href=\"https:\/\/sintetica.de\/\" hreflang=\"de\" lang=\"de\" class=\"wpml-ls-link\" aria-label=\"Switch to German\" title=\"Switch to German\">\n\t\t\t\t\t                                    <img decoding=\"async\"\n            class=\"wpml-ls-flag\"\n            src=\"https:\/\/sintetica.de\/wp-content\/uploads\/flags\/DE_icon_gross_fade_out.svg\"\n            alt=\"German\"\n            loading=\"lazy\"\n            width=18\n            height=18\n    \/><\/a>\n\t\t\t<\/li><li class=\"wpml-ls-slot-shortcode_actions wpml-ls-item wpml-ls-item-de-at wpml-ls-current-language wpml-ls-last-item wpml-ls-item-legacy-list-horizontal\">\n\t\t\t\t<a href=\"https:\/\/sintetica.de\/de-at\/\" hreflang=\"de-at\" lang=\"de-at\" class=\"wpml-ls-link\" aria-current=\"page\" aria-label=\"Switch to German (Austria)\" title=\"Switch to German (Austria)\">\n\t\t\t\t\t                                    <img decoding=\"async\"\n            class=\"wpml-ls-flag\"\n            src=\"https:\/\/sintetica.de\/wp-content\/uploads\/flags\/AT_icon_gross_fade_out.svg\"\n            alt=\"German (Austria)\"\n            loading=\"lazy\"\n            width=18\n            height=18\n    \/><\/a>\n\t\t\t<\/li><\/ul>\n<\/div>\n<!-- [et_pb_line_break_holder] -->  <\/div>\n<p> <!-- [et_pb_line_break_holder] --><\/div>\n<p>[\/et_pb_code][\/et_pb_column][\/et_pb_row][\/et_pb_section][et_pb_section fb_built=&#8220;1&#8243; disabled_on=&#8220;off|off|off&#8220; module_class=&#8220;running-button-outer&#8220; _builder_version=&#8220;4.20.4&#8243; _module_preset=&#8220;default&#8220; global_module=&#8220;464&#8243; global_colors_info=&#8220;{}&#8220;][et_pb_row _builder_version=&#8220;4.20.2&#8243; _module_preset=&#8220;default&#8220; global_colors_info=&#8220;{}&#8220;][et_pb_column type=&#8220;4_4&#8243; _builder_version=&#8220;4.20.2&#8243; _module_preset=&#8220;default&#8220; global_colors_info=&#8220;{}&#8220;][et_pb_image src=&#8220;http:\/\/sintetica.de\/wp-content\/uploads\/2023\/03\/icon-pfeil-nach-oben.svg&#8220; title_text=&#8220;icon-pfeil-nach-oben&#8220; url=&#8220;#Main-Menu&#8220; admin_label=&#8220;l\u00e4ufer&#8220; module_class=&#8220;running-button&#8220; _builder_version=&#8220;4.20.4&#8243; _module_preset=&#8220;default&#8220; global_colors_info=&#8220;{}&#8220;][\/et_pb_image][\/et_pb_column][\/et_pb_row][\/et_pb_section][et_pb_section fb_built=&#8220;1&#8243; _builder_version=&#8220;4.20.2&#8243; _module_preset=&#8220;default&#8220; global_colors_info=&#8220;{}&#8220;][et_pb_row column_structure=&#8220;1_3,2_3&#8243; module_class=&#8220;linksGrauRechtsBlau&#8220; _builder_version=&#8220;4.20.2&#8243; _module_preset=&#8220;default&#8220; global_colors_info=&#8220;{}&#8220;][et_pb_column type=&#8220;1_3&#8243; _builder_version=&#8220;4.20.2&#8243; _module_preset=&#8220;default&#8220; global_colors_info=&#8220;{}&#8220;][et_pb_text module_class=&#8220;grey-side-text animieren showIn&#8220; _builder_version=&#8220;4.20.2&#8243; _module_preset=&#8220;default&#8220; global_colors_info=&#8220;{}&#8220;]Unmittelbar an der Ecke Hafenplatz \/ Albersloher Weg befinden sich unsere B\u00fcror\u00e4ume in der 2. Etage, Albersloher Weg 11, 48155 M\u00fcnster.[\/et_pb_text][\/et_pb_column][et_pb_column type=&#8220;2_3&#8243; _builder_version=&#8220;4.20.2&#8243; _module_preset=&#8220;default&#8220; global_colors_info=&#8220;{}&#8220;][et_pb_text module_class=&#8220;animieren fadeToTop&#8220; _builder_version=&#8220;4.20.2&#8243; _module_preset=&#8220;default&#8220; global_colors_info=&#8220;{}&#8220;]<\/p>\n<h1 class=\"animieren fadeToTop\">So erreichen Sie uns in M\u00fcnster<\/h1>\n<h2 class=\"animieren fadeToTop\">Parken<\/h2>\n<p class=\"animieren fadeToTop\">Sollten Sie mit dem PKW kommen, so k\u00f6nnen Sie in der \u00f6ffentlich zug\u00e4nglichen Hafengarage parken, die Sie \u00fcber die R\u00fcckseite unseres Geb\u00e4udes mit der Ein- und Ausfahrt in der Bernhard-Ernst-Stra\u00dfe erreichen.<\/p>\n<h2 class=\"animieren fadeToTop\">\u00d6ffentliche Verkehrsmittel<\/h2>\n<p class=\"animieren fadeToTop\">Die Buslinien Nr. 6, 8 und 17, Haltestelle \u201eStadtwerke \/ Hafen\u201c verkehren regelm\u00e4\u00dfig in unserer unmittelbaren Nachbarschaft, neben dem Cineplex Kino und bei den Stadtwerken M\u00fcnster, Hafenplatz.<\/p>\n<p class=\"animieren fadeToTop\">Der Hauptbahnhof M\u00fcnster befindet sich in fu\u00dfl\u00e4ufiger N\u00e4he zu unserem B\u00fcro (ca. 800 m, ca. 10 min).<\/p>\n<p>[\/et_pb_text][et_pb_code admin_label=&#8220;Karte&#8220; _builder_version=&#8220;4.20.2&#8243; _module_preset=&#8220;default&#8220; global_colors_info=&#8220;{}&#8220;] <\/p>\n<div class=\"brlbs-cmpnt-container brlbs-cmpnt-content-blocker brlbs-cmpnt-with-individual-styles\" data-borlabs-cookie-content-blocker-id=\"google-maps\" data-borlabs-cookie-content=\"PGlmcmFtZSBzcmM9Imh0dHBzOi8vd3d3Lmdvb2dsZS5jb20vbWFwcy9lbWJlZD9wYj0hMW0xOCExbTEyITFtMyExZDI0NTkuMDc2MTgyNzk3NzMxITJkNy42Mzc1MTk1OTk5OTk5OTkhM2Q1MS45NTA4MDIyITJtMyExZjAhMmYwITNmMCEzbTIhMWkxMDI0ITJpNzY4ITRmMTMuMSEzbTMhMW0yITFzMHg0N2I5YmFkNjU5NzAyZWI1JTNBMHhjZDA3NjNlNGM5ZGZiN2QhMnNBbGJlcnNsb2hlciUyMFdlZyUyMDExJTJDJTIwNDgxNTUlMjBNJUMzJUJDbnN0ZXIhNWUwITNtMiExc2RlITJzZGUhNHYxNjgxMzEzMzIxNjEyITVtMiExc2RlITJzZGUiIHdpZHRoPSIxMDAlIiBoZWlnaHQ9IjUwMCIgc3R5bGU9ImJvcmRlcjowOyIgYWxsb3dmdWxsc2NyZWVuPSIiIGxvYWRpbmc9ImxhenkiIHJlZmVycmVycG9saWN5PSJuby1yZWZlcnJlci13aGVuLWRvd25ncmFkZSI+PC9pZnJhbWU+\">\n<div class=\"brlbs-cmpnt-cb-preset-b brlbs-cmpnt-cb-google-maps\">\n<div class=\"brlbs-cmpnt-cb-thumbnail\" style=\"background-image: url('https:\/\/sintetica.de\/wp-content\/uploads\/borlabs-cookie\/1\/brlbs-cb-google-maps-main.png')\"><\/div>\n<div class=\"brlbs-cmpnt-cb-main\">\n<div class=\"brlbs-cmpnt-cb-content\">\n<p class=\"brlbs-cmpnt-cb-description\">Sie sehen gerade einen Platzhalterinhalt von <strong>Google Maps<\/strong>. Um auf den eigentlichen Inhalt zuzugreifen, klicken Sie auf die Schaltfl\u00e4che unten. Bitte beachten Sie, dass dabei Daten an Drittanbieter weitergegeben werden.<\/p>\n<p> <a class=\"brlbs-cmpnt-cb-provider-toggle\" href=\"#\" data-borlabs-cookie-show-provider-information role=\"button\">Mehr Informationen<\/a> <\/div>\n<div class=\"brlbs-cmpnt-cb-buttons\"> <a class=\"brlbs-cmpnt-cb-btn\" href=\"#\" data-borlabs-cookie-unblock role=\"button\">Inhalt entsperren<\/a> <a class=\"brlbs-cmpnt-cb-btn\" href=\"#\" data-borlabs-cookie-accept-service role=\"button\" style=\"display: inherit\">Erforderlichen Service akzeptieren und Inhalte entsperren<\/a> <\/div>\n<\/p><\/div>\n<\/p><\/div>\n<\/div>\n<p>[\/et_pb_code][\/et_pb_column][\/et_pb_row][\/et_pb_section]<\/p>\n","protected":false},"excerpt":{"rendered":"<p>Kontakt kontakt@sintetica.com +49 251 91 59 65 0 \n<div role=\"navigation\" aria-label=\"Language Switcher\" class=\"wpml-ls-statics-shortcode_actions wpml-ls wpml-ls-legacy-list-horizontal\">\n\t<ul><li class=\"wpml-ls-slot-shortcode_actions wpml-ls-item wpml-ls-item-de wpml-ls-first-item wpml-ls-item-legacy-list-horizontal\">\n\t\t\t\t<a href=\"https:\/\/sintetica.de\/\" hreflang=\"de\" lang=\"de\" class=\"wpml-ls-link\" aria-label=\"Switch to German\" title=\"Switch to German\">\n\t\t\t\t\t                                    <img decoding=\"async\"\n            class=\"wpml-ls-flag\"\n            src=\"https:\/\/sintetica.de\/wp-content\/uploads\/flags\/DE_icon_gross_fade_out.svg\"\n            alt=\"German\"\n            loading=\"lazy\"\n            width=18\n            height=18\n    \/><\/a>\n\t\t\t<\/li><li class=\"wpml-ls-slot-shortcode_actions wpml-ls-item wpml-ls-item-de-at wpml-ls-current-language wpml-ls-last-item wpml-ls-item-legacy-list-horizontal\">\n\t\t\t\t<a href=\"https:\/\/sintetica.de\/de-at\/\" hreflang=\"de-at\" lang=\"de-at\" class=\"wpml-ls-link\" aria-current=\"page\" aria-label=\"Switch to German (Austria)\" title=\"Switch to German (Austria)\">\n\t\t\t\t\t                                    <img decoding=\"async\"\n            class=\"wpml-ls-flag\"\n            src=\"https:\/\/sintetica.de\/wp-content\/uploads\/flags\/AT_icon_gross_fade_out.svg\"\n            alt=\"German (Austria)\"\n            loading=\"lazy\"\n            width=18\n            height=18\n    \/><\/a>\n\t\t\t<\/li><\/ul>\n<\/div>\n Unmittelbar an der Ecke Hafenplatz \/ Albersloher Weg befinden sich unsere B\u00fcror\u00e4ume in der 2. Etage, Albersloher Weg 11, 48155 M\u00fcnster.So erreichen Sie uns in M\u00fcnster Parken Sollten Sie mit dem PKW kommen, so k\u00f6nnen Sie in der \u00f6ffentlich zug\u00e4nglichen Hafengarage parken, [&hellip;]<\/p>\n","protected":false},"author":1,"featured_media":0,"parent":0,"menu_order":0,"comment_status":"closed","ping_status":"closed","template":"","meta":{"_et_pb_use_builder":"on","_et_pb_old_content":"","_et_gb_content_width":"","inline_featured_image":false,"footnotes":""},"class_list":["post-535","page","type-page","status-publish","hentry"],"yoast_head":"<!-- This site is optimized with the Yoast SEO plugin v27.4 - https:\/\/yoast.com\/product\/yoast-seo-wordpress\/ -->\n<title>Anfahrt - Sintetica<\/title>\n<meta name=\"robots\" content=\"index, follow, max-snippet:-1, max-image-preview:large, max-video-preview:-1\" \/>\n<link rel=\"canonical\" href=\"https:\/\/sintetica.de\/de-at\/anfahrt\/\" \/>\n<meta property=\"og:locale\" content=\"de_DE\" \/>\n<meta property=\"og:type\" content=\"article\" \/>\n<meta property=\"og:title\" content=\"Anfahrt - Sintetica\" \/>\n<meta property=\"og:description\" content=\"Kontakt kontakt@sintetica.com +49 251 91 59 65 0 Unmittelbar an der Ecke Hafenplatz \/ Albersloher Weg befinden sich unsere B\u00fcror\u00e4ume in der 2. Etage, Albersloher Weg 11, 48155 M\u00fcnster.So erreichen Sie uns in M\u00fcnster Parken Sollten Sie mit dem PKW kommen, so k\u00f6nnen Sie in der \u00f6ffentlich zug\u00e4nglichen Hafengarage parken, [&hellip;]\" \/>\n<meta property=\"og:url\" content=\"https:\/\/sintetica.de\/de-at\/anfahrt\/\" \/>\n<meta property=\"og:site_name\" content=\"Sintetica\" \/>\n<meta property=\"article:modified_time\" content=\"2023-05-16T09:18:02+00:00\" \/>\n<meta property=\"og:image\" content=\"https:\/\/sintetica.de\/wp-content\/uploads\/2023\/03\/sintetica-logo.png\" \/>\n\t<meta property=\"og:image:width\" content=\"600\" \/>\n\t<meta property=\"og:image:height\" content=\"184\" \/>\n\t<meta property=\"og:image:type\" content=\"image\/png\" \/>\n<meta name=\"twitter:card\" content=\"summary_large_image\" \/>\n<meta name=\"twitter:label1\" content=\"Gesch\u00e4tzte Lesezeit\" \/>\n\t<meta name=\"twitter:data1\" content=\"3 Minuten\" \/>\n<script type=\"application\/ld+json\" class=\"yoast-schema-graph\">{\"@context\":\"https:\\\/\\\/schema.org\",\"@graph\":[{\"@type\":\"WebPage\",\"@id\":\"https:\\\/\\\/sintetica.de\\\/de-at\\\/anfahrt\\\/\",\"url\":\"https:\\\/\\\/sintetica.de\\\/de-at\\\/anfahrt\\\/\",\"name\":\"Anfahrt - Sintetica\",\"isPartOf\":{\"@id\":\"https:\\\/\\\/sintetica.de\\\/de-at\\\/#website\"},\"datePublished\":\"2023-04-12T15:29:29+00:00\",\"dateModified\":\"2023-05-16T09:18:02+00:00\",\"breadcrumb\":{\"@id\":\"https:\\\/\\\/sintetica.de\\\/de-at\\\/anfahrt\\\/#breadcrumb\"},\"inLanguage\":\"de-AT\",\"potentialAction\":[{\"@type\":\"ReadAction\",\"target\":[\"https:\\\/\\\/sintetica.de\\\/de-at\\\/anfahrt\\\/\"]}]},{\"@type\":\"BreadcrumbList\",\"@id\":\"https:\\\/\\\/sintetica.de\\\/de-at\\\/anfahrt\\\/#breadcrumb\",\"itemListElement\":[{\"@type\":\"ListItem\",\"position\":1,\"name\":\"Startseite\",\"item\":\"https:\\\/\\\/sintetica.de\\\/de-at\\\/\"},{\"@type\":\"ListItem\",\"position\":2,\"name\":\"Anfahrt\"}]},{\"@type\":\"WebSite\",\"@id\":\"https:\\\/\\\/sintetica.de\\\/de-at\\\/#website\",\"url\":\"https:\\\/\\\/sintetica.de\\\/de-at\\\/\",\"name\":\"Sintetica\",\"description\":\"Improving Therapies\",\"publisher\":{\"@id\":\"https:\\\/\\\/sintetica.de\\\/de-at\\\/#organization\"},\"potentialAction\":[{\"@type\":\"SearchAction\",\"target\":{\"@type\":\"EntryPoint\",\"urlTemplate\":\"https:\\\/\\\/sintetica.de\\\/de-at\\\/?s={search_term_string}\"},\"query-input\":{\"@type\":\"PropertyValueSpecification\",\"valueRequired\":true,\"valueName\":\"search_term_string\"}}],\"inLanguage\":\"de-AT\"},{\"@type\":\"Organization\",\"@id\":\"https:\\\/\\\/sintetica.de\\\/de-at\\\/#organization\",\"name\":\"Sintetica GmbH\",\"url\":\"https:\\\/\\\/sintetica.de\\\/de-at\\\/\",\"logo\":{\"@type\":\"ImageObject\",\"inLanguage\":\"de-AT\",\"@id\":\"https:\\\/\\\/sintetica.de\\\/de-at\\\/#\\\/schema\\\/logo\\\/image\\\/\",\"url\":\"https:\\\/\\\/sintetica.de\\\/wp-content\\\/uploads\\\/2023\\\/03\\\/sintetica-logo.png\",\"contentUrl\":\"https:\\\/\\\/sintetica.de\\\/wp-content\\\/uploads\\\/2023\\\/03\\\/sintetica-logo.png\",\"width\":600,\"height\":184,\"caption\":\"Sintetica GmbH\"},\"image\":{\"@id\":\"https:\\\/\\\/sintetica.de\\\/de-at\\\/#\\\/schema\\\/logo\\\/image\\\/\"}}]}<\/script>\n<!-- \/ Yoast SEO plugin. -->","yoast_head_json":{"title":"Anfahrt - Sintetica","robots":{"index":"index","follow":"follow","max-snippet":"max-snippet:-1","max-image-preview":"max-image-preview:large","max-video-preview":"max-video-preview:-1"},"canonical":"https:\/\/sintetica.de\/de-at\/anfahrt\/","og_locale":"de_DE","og_type":"article","og_title":"Anfahrt - Sintetica","og_description":"Kontakt kontakt@sintetica.com +49 251 91 59 65 0 Unmittelbar an der Ecke Hafenplatz \/ Albersloher Weg befinden sich unsere B\u00fcror\u00e4ume in der 2. Etage, Albersloher Weg 11, 48155 M\u00fcnster.So erreichen Sie uns in M\u00fcnster Parken Sollten Sie mit dem PKW kommen, so k\u00f6nnen Sie in der \u00f6ffentlich zug\u00e4nglichen Hafengarage parken, [&hellip;]","og_url":"https:\/\/sintetica.de\/de-at\/anfahrt\/","og_site_name":"Sintetica","article_modified_time":"2023-05-16T09:18:02+00:00","og_image":[{"width":600,"height":184,"url":"https:\/\/sintetica.de\/wp-content\/uploads\/2023\/03\/sintetica-logo.png","type":"image\/png"}],"twitter_card":"summary_large_image","twitter_misc":{"Gesch\u00e4tzte Lesezeit":"3 Minuten"},"schema":{"@context":"https:\/\/schema.org","@graph":[{"@type":"WebPage","@id":"https:\/\/sintetica.de\/de-at\/anfahrt\/","url":"https:\/\/sintetica.de\/de-at\/anfahrt\/","name":"Anfahrt - Sintetica","isPartOf":{"@id":"https:\/\/sintetica.de\/de-at\/#website"},"datePublished":"2023-04-12T15:29:29+00:00","dateModified":"2023-05-16T09:18:02+00:00","breadcrumb":{"@id":"https:\/\/sintetica.de\/de-at\/anfahrt\/#breadcrumb"},"inLanguage":"de-AT","potentialAction":[{"@type":"ReadAction","target":["https:\/\/sintetica.de\/de-at\/anfahrt\/"]}]},{"@type":"BreadcrumbList","@id":"https:\/\/sintetica.de\/de-at\/anfahrt\/#breadcrumb","itemListElement":[{"@type":"ListItem","position":1,"name":"Startseite","item":"https:\/\/sintetica.de\/de-at\/"},{"@type":"ListItem","position":2,"name":"Anfahrt"}]},{"@type":"WebSite","@id":"https:\/\/sintetica.de\/de-at\/#website","url":"https:\/\/sintetica.de\/de-at\/","name":"Sintetica","description":"Improving Therapies","publisher":{"@id":"https:\/\/sintetica.de\/de-at\/#organization"},"potentialAction":[{"@type":"SearchAction","target":{"@type":"EntryPoint","urlTemplate":"https:\/\/sintetica.de\/de-at\/?s={search_term_string}"},"query-input":{"@type":"PropertyValueSpecification","valueRequired":true,"valueName":"search_term_string"}}],"inLanguage":"de-AT"},{"@type":"Organization","@id":"https:\/\/sintetica.de\/de-at\/#organization","name":"Sintetica GmbH","url":"https:\/\/sintetica.de\/de-at\/","logo":{"@type":"ImageObject","inLanguage":"de-AT","@id":"https:\/\/sintetica.de\/de-at\/#\/schema\/logo\/image\/","url":"https:\/\/sintetica.de\/wp-content\/uploads\/2023\/03\/sintetica-logo.png","contentUrl":"https:\/\/sintetica.de\/wp-content\/uploads\/2023\/03\/sintetica-logo.png","width":600,"height":184,"caption":"Sintetica GmbH"},"image":{"@id":"https:\/\/sintetica.de\/de-at\/#\/schema\/logo\/image\/"}}]}},"_links":{"self":[{"href":"https:\/\/sintetica.de\/de-at\/wp-json\/wp\/v2\/pages\/535","targetHints":{"allow":["GET"]}}],"collection":[{"href":"https:\/\/sintetica.de\/de-at\/wp-json\/wp\/v2\/pages"}],"about":[{"href":"https:\/\/sintetica.de\/de-at\/wp-json\/wp\/v2\/types\/page"}],"author":[{"embeddable":true,"href":"https:\/\/sintetica.de\/de-at\/wp-json\/wp\/v2\/users\/1"}],"replies":[{"embeddable":true,"href":"https:\/\/sintetica.de\/de-at\/wp-json\/wp\/v2\/comments?post=535"}],"version-history":[{"count":10,"href":"https:\/\/sintetica.de\/de-at\/wp-json\/wp\/v2\/pages\/535\/revisions"}],"predecessor-version":[{"id":1659,"href":"https:\/\/sintetica.de\/de-at\/wp-json\/wp\/v2\/pages\/535\/revisions\/1659"}],"wp:attachment":[{"href":"https:\/\/sintetica.de\/de-at\/wp-json\/wp\/v2\/media?parent=535"}],"curies":[{"name":"wp","href":"https:\/\/api.w.org\/{rel}","templated":true}]}}