{"id":442,"date":"2023-04-11T15:01:16","date_gmt":"2023-04-11T13:01:16","guid":{"rendered":"http:\/\/sintetica.de\/?page_id=442"},"modified":"2025-09-03T10:54:19","modified_gmt":"2025-09-03T08:54:19","slug":"anaesthesie-und-schmerztherapie","status":"publish","type":"page","link":"https:\/\/sintetica.de\/de-at\/anaesthesie-und-schmerztherapie\/","title":{"rendered":"An\u00e4sthesie und  Schmerztherapie"},"content":{"rendered":"<p>[et_pb_section fb_built=&#8220;1&#8243; fullwidth=&#8220;on&#8220; module_class=&#8220;banner&#8220; _builder_version=&#8220;4.20.2&#8243; _module_preset=&#8220;default&#8220; background_image=&#8220;https:\/\/sintetica.de\/wp-content\/uploads\/2023\/03\/aerzte-reden-scaled.jpg&#8220; global_colors_info=&#8220;{}&#8220;][et_pb_fullwidth_code _builder_version=&#8220;4.22.1&#8243; _module_preset=&#8220;default&#8220; global_colors_info=&#8220;{}&#8220;]<\/p>\n<div class=\"banner-text\"><!-- [et_pb_line_break_holder] -->  <pee class=\"animieren fadeToTop\"><!-- [et_pb_line_break_holder] -->   \tAn\u00e4sthesie und <!-- [et_pb_line_break_holder] -->\t\tSchmerz\u00adtherapie<!-- [et_pb_line_break_holder] -->  <\/pee><!-- [et_pb_line_break_holder] -->  <\/p>\n<hr>\n<p><!-- [et_pb_line_break_holder] --><\/div>\n<p>[\/et_pb_fullwidth_code][\/et_pb_section][et_pb_section fb_built=&#8220;1&#8243; admin_label=&#8220;running Men\u00fc&#8220; module_class=&#8220;running-menu-outer&#8220; _builder_version=&#8220;4.25.1&#8243; _module_preset=&#8220;default&#8220; global_module=&#8220;412&#8243; saved_tabs=&#8220;all&#8220; global_colors_info=&#8220;{}&#8220;][et_pb_row _builder_version=&#8220;4.20.2&#8243; _module_preset=&#8220;default&#8220; global_colors_info=&#8220;{}&#8220;][et_pb_column type=&#8220;4_4&#8243; _builder_version=&#8220;4.20.2&#8243; _module_preset=&#8220;default&#8220; global_colors_info=&#8220;{}&#8220;][et_pb_code _builder_version=&#8220;4.25.1&#8243; _module_preset=&#8220;default&#8220; global_colors_info=&#8220;{}&#8220;]<\/p>\n<div class=\"running-menu\"><!-- [et_pb_line_break_holder] -->  <\/p>\n<div><!-- [et_pb_line_break_holder] -->    <img decoding=\"async\" src=\"\/wp-content\/uploads\/2023\/03\/icon-kontakt-navi.svg\" height=\"18px\"><!-- [et_pb_line_break_holder] -->    <a href=\"\/kundenservice\/\">Kontakt<\/a><!-- [et_pb_line_break_holder] -->  <\/div>\n<p><!-- [et_pb_line_break_holder] -->  <\/p>\n<div><!-- [et_pb_line_break_holder] -->    <img decoding=\"async\" src=\"\/wp-content\/uploads\/2023\/03\/icon-e-mail-navi.svg\" height=\"18px\"><!-- [et_pb_line_break_holder] -->    <a href=\"mailto:kontakt@sintetica.com\">kontakt@sintetica.com<\/a><!-- [et_pb_line_break_holder] -->  <\/div>\n<p><!-- [et_pb_line_break_holder] -->  <\/p>\n<div><!-- [et_pb_line_break_holder] -->    <img decoding=\"async\" src=\"\/wp-content\/uploads\/2023\/03\/icon-telefon-navi.svg\" height=\"18px\"><!-- [et_pb_line_break_holder] -->    <a href=\"tel:+49 251 91 59 65 0\">+49 251 91 59 65 0<\/a><!-- [et_pb_line_break_holder] -->  <\/div>\n<p><!-- [et_pb_line_break_holder] -->  <\/p>\n<div><!-- [et_pb_line_break_holder] -->    \n<div role=\"navigation\" aria-label=\"Language Switcher\" class=\"wpml-ls-statics-shortcode_actions wpml-ls wpml-ls-legacy-list-horizontal\">\n\t<ul><li class=\"wpml-ls-slot-shortcode_actions wpml-ls-item wpml-ls-item-de wpml-ls-first-item wpml-ls-item-legacy-list-horizontal\">\n\t\t\t\t<a href=\"https:\/\/sintetica.de\/\" hreflang=\"de\" lang=\"de\" class=\"wpml-ls-link\" aria-label=\"Switch to German\" title=\"Switch to German\">\n\t\t\t\t\t                                    <img decoding=\"async\"\n            class=\"wpml-ls-flag\"\n            src=\"https:\/\/sintetica.de\/wp-content\/uploads\/flags\/DE_icon_gross_fade_out.svg\"\n            alt=\"German\"\n            loading=\"lazy\"\n            width=18\n            height=18\n    \/><\/a>\n\t\t\t<\/li><li class=\"wpml-ls-slot-shortcode_actions wpml-ls-item wpml-ls-item-de-at wpml-ls-current-language wpml-ls-last-item wpml-ls-item-legacy-list-horizontal\">\n\t\t\t\t<a href=\"https:\/\/sintetica.de\/de-at\/\" hreflang=\"de-at\" lang=\"de-at\" class=\"wpml-ls-link\" aria-current=\"page\" aria-label=\"Switch to German (Austria)\" title=\"Switch to German (Austria)\">\n\t\t\t\t\t                                    <img decoding=\"async\"\n            class=\"wpml-ls-flag\"\n            src=\"https:\/\/sintetica.de\/wp-content\/uploads\/flags\/AT_icon_gross_fade_out.svg\"\n            alt=\"German (Austria)\"\n            loading=\"lazy\"\n            width=18\n            height=18\n    \/><\/a>\n\t\t\t<\/li><\/ul>\n<\/div>\n<!-- [et_pb_line_break_holder] -->  <\/div>\n<p> <!-- [et_pb_line_break_holder] --><\/div>\n<p> [\/et_pb_code][\/et_pb_column][\/et_pb_row][\/et_pb_section][et_pb_section fb_built=&#8220;1&#8243; disabled_on=&#8220;off|off|off&#8220; module_class=&#8220;running-button-outer&#8220; _builder_version=&#8220;4.20.4&#8243; _module_preset=&#8220;default&#8220; global_module=&#8220;464&#8243; global_colors_info=&#8220;{}&#8220;][et_pb_row _builder_version=&#8220;4.20.2&#8243; _module_preset=&#8220;default&#8220; global_colors_info=&#8220;{}&#8220;][et_pb_column type=&#8220;4_4&#8243; _builder_version=&#8220;4.20.2&#8243; _module_preset=&#8220;default&#8220; global_colors_info=&#8220;{}&#8220;][et_pb_image src=&#8220;https:\/\/sintetica.de\/wp-content\/uploads\/2023\/03\/icon-pfeil-nach-oben.svg&#8220; title_text=&#8220;icon-pfeil-nach-oben&#8220; url=&#8220;#Main-Menu&#8220; admin_label=&#8220;l\u00e4ufer&#8220; module_class=&#8220;running-button&#8220; _builder_version=&#8220;4.20.4&#8243; _module_preset=&#8220;default&#8220; global_colors_info=&#8220;{}&#8220;][\/et_pb_image][\/et_pb_column][\/et_pb_row][\/et_pb_section][et_pb_section fb_built=&#8220;1&#8243; _builder_version=&#8220;4.20.2&#8243; _module_preset=&#8220;default&#8220; global_colors_info=&#8220;{}&#8220;][et_pb_row column_structure=&#8220;1_3,2_3&#8243; module_class=&#8220;linksGrauRechtsBlau&#8220; _builder_version=&#8220;4.27.4&#8243; _module_preset=&#8220;default&#8220; hover_enabled=&#8220;0&#8243; global_colors_info=&#8220;{}&#8220; sticky_enabled=&#8220;0&#8243;][et_pb_column type=&#8220;1_3&#8243; _builder_version=&#8220;4.20.2&#8243; _module_preset=&#8220;default&#8220; global_colors_info=&#8220;{}&#8220;][et_pb_text module_class=&#8220;grey-side-text animieren showIn&#8220; _builder_version=&#8220;4.20.2&#8243; _module_preset=&#8220;default&#8220; global_colors_info=&#8220;{}&#8220;]Sinteticas Engagement umfasst ein weites Portfolio f\u00fcr den Klinikalltag in der An\u00e4sthesiologie und Schmerztherapie. Unser Fokus liegt auf Arzneimitteln f\u00fcr die Regional- und Allgemeinan\u00e4sthesie auf der Intensivstation und im Operationssaal.[\/et_pb_text][\/et_pb_column][et_pb_column type=&#8220;2_3&#8243; _builder_version=&#8220;4.20.2&#8243; _module_preset=&#8220;default&#8220; global_colors_info=&#8220;{}&#8220;][et_pb_text module_class=&#8220;animieren fadeToTop&#8220; _builder_version=&#8220;4.27.4&#8243; _module_preset=&#8220;default&#8220; hover_enabled=&#8220;0&#8243; global_colors_info=&#8220;{}&#8220; sticky_enabled=&#8220;0&#8243;]<\/p>\n<h1 class=\"animieren fadeToTop\">Sintetica \u2013 Ihr Partner in der An\u00e4sthesie und Schmerz\u00adtherapie<\/h1>\n<h2 class=\"animieren fadeToTop\">Regionalan\u00e4sthesie<\/h2>\n<p class=\"animieren fadeToTop\">In Zeiten \u00f6konomischer Diskussionen, Prozessoptimierungen und Effizienzsteigerung gewinnt die ambulante Tageschirurgie zunehmend an Bedeutung. Die Regionalan\u00e4sthesie ist hier eine gute und m\u00f6gliche Alternative zur Allgemeinan\u00e4sthesie in Abh\u00e4ngigkeit von Art und Dauer des Eingriffs, Patientenprofil und operativem Setting. Sintetica bietet im Rahmen der Fast Track Regionalan\u00e4sthesie Arzneimittel-Optionen, die durch ein kurzes Wirkprofil \u00fcberzeugen. Gerade im Rahmen ambulanter Eingriffe in der Tageschirurgie in Klinik und Praxis unterst\u00fctzen diese Ihr Prozess- und Patientenmanagement im OP. Aber auch im station\u00e4ren Klinikalltag lassen sich die Produkte hervorragend implementieren, um Abl\u00e4ufe zu optimieren.<\/p>\n<h2 class=\"animieren fadeToTop\">Allgemeinan\u00e4sthesie<\/h2>\n<p class=\"animieren fadeToTop\">Bei der Allgemeinan\u00e4sthesie, im Volksmund auch \u201eVollnarkose\u201c genannt, werden Patientin oder Patient in einen schmerzfreien Tiefschlaf versetzt. Sintetica bietet hier f\u00fcr die An\u00e4sthesie selbst sowie die R\u00fcckkehr in den Wachzustand verschiedene Optionen.<\/p>\n<p>[\/et_pb_text][\/et_pb_column][\/et_pb_row][\/et_pb_section][et_pb_section fb_built=&#8220;1&#8243; module_class=&#8220;section-grey&#8220; _builder_version=&#8220;4.20.2&#8243; _module_preset=&#8220;default&#8220; global_colors_info=&#8220;{}&#8220;][et_pb_row column_structure=&#8220;1_2,1_2&#8243; _builder_version=&#8220;4.20.2&#8243; _module_preset=&#8220;default&#8220; global_colors_info=&#8220;{}&#8220;][et_pb_column type=&#8220;1_2&#8243; _builder_version=&#8220;4.20.2&#8243; _module_preset=&#8220;default&#8220; global_colors_info=&#8220;{}&#8220;][et_pb_code _builder_version=&#8220;4.22.1&#8243; _module_preset=&#8220;default&#8220; global_colors_info=&#8220;{}&#8220;]<\/p>\n<h2 class=\"animieren fadeToTop\">Improving Therapies \u2013 <!\u2013- [et_pb_br_holder] -\u2013> mehr als ein Werbe\u00adversprechen<\/h2>\n<p><!-- [et_pb_line_break_holder] --><pee class=\"animieren fadeToTop\">F\u00fcr uns bedeutet dies nicht allein die Entwicklung neuer Wirkstoffe und den Ausbau unseres Produktangebotes. <i>Improving Therapies<\/i> steht vielmehr f\u00fcr kontinuierliche Innovationen und L\u00f6sungen, die den Klinikalltag in der An\u00e4sthesie einfacher und sicherer gestalten. Neue und innovative Formulierungen und Darreichungsformen wie etwa unsere <i>Premix<\/i> Fertigl\u00f6sungen bieten ein hohes Ma\u00df an Sicherheit f\u00fcr Anwender und Patienten. Konservierungsmittel- und Sulfit-freie Formulierungen \u00fcberzeugen durch Ihre nebenwirkungsarmen Wirkprofile. Arzneimittelkombinationen vereinfachen Abl\u00e4ufe und sparen Arbeitsschritte.<\/pee>[\/et_pb_code][\/et_pb_column][et_pb_column type=&#8220;1_2&#8243; _builder_version=&#8220;4.20.2&#8243; _module_preset=&#8220;default&#8220; global_colors_info=&#8220;{}&#8220;][et_pb_image src=&#8220;https:\/\/sintetica.de\/wp-content\/uploads\/2023\/03\/ampulle.jpg&#8220; title_text=&#8220;ampulle&#8220; module_class=&#8220;animieren fadeToTop&#8220; _builder_version=&#8220;4.20.2&#8243; _module_preset=&#8220;default&#8220; global_colors_info=&#8220;{}&#8220;][\/et_pb_image][\/et_pb_column][\/et_pb_row][\/et_pb_section][et_pb_section fb_built=&#8220;1&#8243; module_class=&#8220;empty-section&#8220; _builder_version=&#8220;4.20.2&#8243; _module_preset=&#8220;default&#8220; global_colors_info=&#8220;{}&#8220;][et_pb_row _builder_version=&#8220;4.20.2&#8243; _module_preset=&#8220;default&#8220; global_colors_info=&#8220;{}&#8220;][et_pb_column type=&#8220;4_4&#8243; _builder_version=&#8220;4.20.2&#8243; _module_preset=&#8220;default&#8220; global_colors_info=&#8220;{}&#8220;][\/et_pb_column][\/et_pb_row][\/et_pb_section]<\/p>\n","protected":false},"excerpt":{"rendered":"<p>Kontakt kontakt@sintetica.com +49 251 91 59 65 0 \n<div role=\"navigation\" aria-label=\"Language Switcher\" class=\"wpml-ls-statics-shortcode_actions wpml-ls wpml-ls-legacy-list-horizontal\">\n\t<ul><li class=\"wpml-ls-slot-shortcode_actions wpml-ls-item wpml-ls-item-de wpml-ls-first-item wpml-ls-item-legacy-list-horizontal\">\n\t\t\t\t<a href=\"https:\/\/sintetica.de\/\" hreflang=\"de\" lang=\"de\" class=\"wpml-ls-link\" aria-label=\"Switch to German\" title=\"Switch to German\">\n\t\t\t\t\t                                    <img decoding=\"async\"\n            class=\"wpml-ls-flag\"\n            src=\"https:\/\/sintetica.de\/wp-content\/uploads\/flags\/DE_icon_gross_fade_out.svg\"\n            alt=\"German\"\n            loading=\"lazy\"\n            width=18\n            height=18\n    \/><\/a>\n\t\t\t<\/li><li class=\"wpml-ls-slot-shortcode_actions wpml-ls-item wpml-ls-item-de-at wpml-ls-current-language wpml-ls-last-item wpml-ls-item-legacy-list-horizontal\">\n\t\t\t\t<a href=\"https:\/\/sintetica.de\/de-at\/\" hreflang=\"de-at\" lang=\"de-at\" class=\"wpml-ls-link\" aria-current=\"page\" aria-label=\"Switch to German (Austria)\" title=\"Switch to German (Austria)\">\n\t\t\t\t\t                                    <img decoding=\"async\"\n            class=\"wpml-ls-flag\"\n            src=\"https:\/\/sintetica.de\/wp-content\/uploads\/flags\/AT_icon_gross_fade_out.svg\"\n            alt=\"German (Austria)\"\n            loading=\"lazy\"\n            width=18\n            height=18\n    \/><\/a>\n\t\t\t<\/li><\/ul>\n<\/div>\n Sinteticas Engagement umfasst ein weites Portfolio f\u00fcr den Klinikalltag in der An\u00e4sthesiologie und Schmerztherapie. Unser Fokus liegt auf Arzneimitteln f\u00fcr die Regional- und Allgemeinan\u00e4sthesie auf der Intensivstation und im Operationssaal.Sintetica \u2013 Ihr Partner in der An\u00e4sthesie und Schmerz\u00adtherapie Regionalan\u00e4sthesie In Zeiten \u00f6konomischer [&hellip;]<\/p>\n","protected":false},"author":1,"featured_media":0,"parent":0,"menu_order":0,"comment_status":"closed","ping_status":"closed","template":"","meta":{"_et_pb_use_builder":"on","_et_pb_old_content":"[et_pb_section fb_built=\"1\" fullwidth=\"on\" module_class=\"banner\" _builder_version=\"4.20.2\" _module_preset=\"default\" background_image=\"http:\/\/sintetica.de\/wp-content\/uploads\/2023\/03\/mitarbeiter-sintetica-scaled.jpg\" global_colors_info=\"{}\"][et_pb_fullwidth_code _builder_version=\"4.20.2\" _module_preset=\"default\" global_colors_info=\"{}\"]<div class=\"banner-text\"><!-- [et_pb_line_break_holder] -->  <p class=\"animieren fadeToTop\"><!-- [et_pb_line_break_holder] -->   \t\u00dcber Sintetica <!-- [et_pb_line_break_holder] -->  <\/p><!-- [et_pb_line_break_holder] -->  <hr><!-- [et_pb_line_break_holder] -->  <p><!-- [et_pb_line_break_holder] -->    XXXXXXXX XXXXXXXX XXXXXX<!-- [et_pb_line_break_holder] -->  <\/p><!-- [et_pb_line_break_holder] --><\/div>[\/et_pb_fullwidth_code][\/et_pb_section][et_pb_section fb_built=\"1\" module_class=\"running-menu-outer\" _builder_version=\"4.20.2\" _module_preset=\"default\" global_module=\"412\" global_colors_info=\"{}\"][et_pb_row _builder_version=\"4.20.2\" _module_preset=\"default\" global_colors_info=\"{}\"][et_pb_column type=\"4_4\" _builder_version=\"4.20.2\" _module_preset=\"default\" global_colors_info=\"{}\"][et_pb_code _builder_version=\"4.20.2\" _module_preset=\"default\" global_colors_info=\"{}\"]<div class=\"running-menu\"><!-- [et_pb_line_break_holder] -->  <div><!-- [et_pb_line_break_holder] -->    <img src=\"\/wp-content\/uploads\/2023\/03\/icon-kontakt-navi.svg\" height=\"18px\"><!-- [et_pb_line_break_holder] -->    <a href=\"\/kontat\/\">Kontakt<\/a><!-- [et_pb_line_break_holder] -->  <\/div><!-- [et_pb_line_break_holder] -->  <div><!-- [et_pb_line_break_holder] -->    <img src=\"\/wp-content\/uploads\/2023\/03\/icon-e-mail-navi.svg\" height=\"18px\"><!-- [et_pb_line_break_holder] -->    <a href=\"mailto:kontakt@sintetica.com\">kontakt@sintetica.com<\/a><!-- [et_pb_line_break_holder] -->  <\/div><!-- [et_pb_line_break_holder] -->  <div><!-- [et_pb_line_break_holder] -->    <img src=\"\/wp-content\/uploads\/2023\/03\/icon-telefon-navi.svg\" height=\"18px\"><!-- [et_pb_line_break_holder] -->    <a href=\"tel:+49 251 91 59 65 0\">+49 251 91 59 65 0<\/a><!-- [et_pb_line_break_holder] -->  <\/div><!-- [et_pb_line_break_holder] -->  <div><!-- [et_pb_line_break_holder] -->    <img src=\"\/wp-content\/uploads\/2023\/03\/icon-fahne-d.svg\" height=\"18px\"><!-- [et_pb_line_break_holder] -->    <img src=\"\/wp-content\/uploads\/2023\/03\/icon-fahne-at.svg\" height=\"18px\"><!-- [et_pb_line_break_holder] -->  <\/div> <!-- [et_pb_line_break_holder] --><\/div>[\/et_pb_code][\/et_pb_column][\/et_pb_row][\/et_pb_section][et_pb_section fb_built=\"1\" _builder_version=\"4.20.2\" _module_preset=\"default\" global_colors_info=\"{}\"][et_pb_row column_structure=\"1_3,2_3\" _builder_version=\"4.20.2\" _module_preset=\"default\" hover_enabled=\"0\" global_colors_info=\"{}\" module_class=\"linksGrauRechtsBlau\" sticky_enabled=\"0\"][et_pb_column type=\"1_3\" _builder_version=\"4.20.2\" _module_preset=\"default\" global_colors_info=\"{}\"][et_pb_text module_class=\"grey-side-text animieren showIn\" _builder_version=\"4.20.2\" _module_preset=\"default\" global_colors_info=\"{}\"]Seit 2014 bietet Ihnen Sintetica<br>in Deutschland und \u00d6sterreich<br>Arzneimittel <i>Made in Switzerland<\/i> an.[\/et_pb_text][\/et_pb_column][et_pb_column type=\"2_3\" _builder_version=\"4.20.2\" _module_preset=\"default\" global_colors_info=\"{}\"][et_pb_text module_class=\"animieren fadeToTop\" _builder_version=\"4.20.2\" _module_preset=\"default\" hover_enabled=\"0\" global_colors_info=\"{}\" sticky_enabled=\"0\"]<h1>Ihr Partner in der An\u00e4sthesie, Notfall- und Intensivmedizin sowie der Neurologie<\/h1>\r\n<p>Die Sintetica GmbH ist die deutsche Niederlassung der SINTETICA SA, eines 1921 in der Schweiz gegr\u00fcndeten, forschenden und produzieren- den Pharmaunternehmens.<\/p>\r\n\r\n<p>Der Firmensitz der Sintetica GmbH ist in M\u00fcnster (Westf.). Von hier aus koordinieren wir die Marketing- und Vertriebsaktivit\u00e4ten f\u00fcr Deutschland und \u00d6sterreich. Ebenfalls stehen wir Ihnen in M\u00fcnster bei medizinisch-wissenschaftlichen Fragen zur Verf\u00fcgung.<\/p>\r\n\r\n<p>Unser strategischer Fokus liegt in den Bereichen An\u00e4sthesie, Intensivmedizin, Schmerztherapie und intrathekale Therapie der chronischen Spastik. Innovationen und Optimierungen neuer und bekannter Wirkstoffe, Formulierungen und Anwendungsarten kennzeichnen unser Produktportfolio.<\/p>\r\n\r\n<h2>H\u00f6chste Standards f\u00fcr Menschen und Produkte<\/h2>\r\n<p>Die kontinuierliche Optimierung der Patientensicherheit und Kundenzufriedenheit sind unsere Motivation und unser Antrieb \u2013 getreu unserem Motto \u201eImproving therapies\u201c. So produzieren wir beispielsweise unsere Arzneimittel frei von jeglichen Konservierungsmitteln und Sulfiten. Ferner\r\nentwickeln wir unter der Bezeichnung \u201ePremix\u201c Fertigl\u00f6sungen zur einfachen und sicheren Handhabung in der t\u00e4glichen Anwendung am Patienten.<\/p>\r\n\r\n<p>H\u00f6chste Produktions- und Qualit\u00e4tsstandards \u201eMade in Switzerland\u201c sind unser Anspruch. Unter Einsatz modernster Technologien fertigen wir in unseren Produktionsanlagen am Firmenhauptsitz in Mendrisio, Schweiz, sowie am Standort in Couvet, Schweiz, ma\u00dfgeschneiderte Arzneimittel f\u00fcr den Weltmarkt.<\/p>[\/et_pb_text][\/et_pb_column][\/et_pb_row][\/et_pb_section]","_et_gb_content_width":"","inline_featured_image":false,"footnotes":""},"class_list":["post-442","page","type-page","status-publish","hentry"],"yoast_head":"<!-- This site is optimized with the Yoast SEO plugin v27.4 - https:\/\/yoast.com\/product\/yoast-seo-wordpress\/ -->\n<title>An\u00e4sthesie &amp; Schmerztherapie: Sintetica<\/title>\n<meta name=\"description\" content=\"Sintetica \u2013 Ihr Partner f\u00fcr An\u00e4sthetika in Intensivstation und Operationssaal. Top-Qualit\u00e4t made in Switzerland. Erfahren Sie mehr.\" \/>\n<meta name=\"robots\" content=\"index, follow, max-snippet:-1, max-image-preview:large, max-video-preview:-1\" \/>\n<link rel=\"canonical\" href=\"https:\/\/sintetica.de\/de-at\/anaesthesie-und-schmerztherapie\/\" \/>\n<meta property=\"og:locale\" content=\"de_DE\" \/>\n<meta property=\"og:type\" content=\"article\" \/>\n<meta property=\"og:title\" content=\"An\u00e4sthesie &amp; Schmerztherapie: Sintetica\" \/>\n<meta property=\"og:description\" content=\"Sintetica \u2013 Ihr Partner f\u00fcr An\u00e4sthetika in Intensivstation und Operationssaal. Top-Qualit\u00e4t made in Switzerland. Erfahren Sie mehr.\" \/>\n<meta property=\"og:url\" content=\"https:\/\/sintetica.de\/de-at\/anaesthesie-und-schmerztherapie\/\" \/>\n<meta property=\"og:site_name\" content=\"Sintetica\" \/>\n<meta property=\"article:modified_time\" content=\"2025-09-03T08:54:19+00:00\" \/>\n<meta property=\"og:image\" content=\"https:\/\/sintetica.de\/wp-content\/uploads\/2023\/03\/sintetica-logo.png\" \/>\n\t<meta property=\"og:image:width\" content=\"600\" \/>\n\t<meta property=\"og:image:height\" content=\"184\" \/>\n\t<meta property=\"og:image:type\" content=\"image\/png\" \/>\n<meta name=\"twitter:card\" content=\"summary_large_image\" \/>\n<meta name=\"twitter:label1\" content=\"Gesch\u00e4tzte Lesezeit\" \/>\n\t<meta name=\"twitter:data1\" content=\"3 Minuten\" \/>\n<script type=\"application\/ld+json\" class=\"yoast-schema-graph\">{\"@context\":\"https:\\\/\\\/schema.org\",\"@graph\":[{\"@type\":\"WebPage\",\"@id\":\"https:\\\/\\\/sintetica.de\\\/de-at\\\/anaesthesie-und-schmerztherapie\\\/\",\"url\":\"https:\\\/\\\/sintetica.de\\\/de-at\\\/anaesthesie-und-schmerztherapie\\\/\",\"name\":\"An\u00e4sthesie & Schmerztherapie: Sintetica\",\"isPartOf\":{\"@id\":\"https:\\\/\\\/sintetica.de\\\/de-at\\\/#website\"},\"datePublished\":\"2023-04-11T13:01:16+00:00\",\"dateModified\":\"2025-09-03T08:54:19+00:00\",\"description\":\"Sintetica \u2013 Ihr Partner f\u00fcr An\u00e4sthetika in Intensivstation und Operationssaal. Top-Qualit\u00e4t made in Switzerland. Erfahren Sie mehr.\",\"breadcrumb\":{\"@id\":\"https:\\\/\\\/sintetica.de\\\/de-at\\\/anaesthesie-und-schmerztherapie\\\/#breadcrumb\"},\"inLanguage\":\"de-AT\",\"potentialAction\":[{\"@type\":\"ReadAction\",\"target\":[\"https:\\\/\\\/sintetica.de\\\/de-at\\\/anaesthesie-und-schmerztherapie\\\/\"]}]},{\"@type\":\"BreadcrumbList\",\"@id\":\"https:\\\/\\\/sintetica.de\\\/de-at\\\/anaesthesie-und-schmerztherapie\\\/#breadcrumb\",\"itemListElement\":[{\"@type\":\"ListItem\",\"position\":1,\"name\":\"Startseite\",\"item\":\"https:\\\/\\\/sintetica.de\\\/de-at\\\/\"},{\"@type\":\"ListItem\",\"position\":2,\"name\":\"An\u00e4sthesie und Schmerztherapie\"}]},{\"@type\":\"WebSite\",\"@id\":\"https:\\\/\\\/sintetica.de\\\/de-at\\\/#website\",\"url\":\"https:\\\/\\\/sintetica.de\\\/de-at\\\/\",\"name\":\"Sintetica\",\"description\":\"Improving Therapies\",\"publisher\":{\"@id\":\"https:\\\/\\\/sintetica.de\\\/de-at\\\/#organization\"},\"potentialAction\":[{\"@type\":\"SearchAction\",\"target\":{\"@type\":\"EntryPoint\",\"urlTemplate\":\"https:\\\/\\\/sintetica.de\\\/de-at\\\/?s={search_term_string}\"},\"query-input\":{\"@type\":\"PropertyValueSpecification\",\"valueRequired\":true,\"valueName\":\"search_term_string\"}}],\"inLanguage\":\"de-AT\"},{\"@type\":\"Organization\",\"@id\":\"https:\\\/\\\/sintetica.de\\\/de-at\\\/#organization\",\"name\":\"Sintetica GmbH\",\"url\":\"https:\\\/\\\/sintetica.de\\\/de-at\\\/\",\"logo\":{\"@type\":\"ImageObject\",\"inLanguage\":\"de-AT\",\"@id\":\"https:\\\/\\\/sintetica.de\\\/de-at\\\/#\\\/schema\\\/logo\\\/image\\\/\",\"url\":\"https:\\\/\\\/sintetica.de\\\/wp-content\\\/uploads\\\/2023\\\/03\\\/sintetica-logo.png\",\"contentUrl\":\"https:\\\/\\\/sintetica.de\\\/wp-content\\\/uploads\\\/2023\\\/03\\\/sintetica-logo.png\",\"width\":600,\"height\":184,\"caption\":\"Sintetica GmbH\"},\"image\":{\"@id\":\"https:\\\/\\\/sintetica.de\\\/de-at\\\/#\\\/schema\\\/logo\\\/image\\\/\"}}]}<\/script>\n<!-- \/ Yoast SEO plugin. -->","yoast_head_json":{"title":"An\u00e4sthesie & Schmerztherapie: Sintetica","description":"Sintetica \u2013 Ihr Partner f\u00fcr An\u00e4sthetika in Intensivstation und Operationssaal. Top-Qualit\u00e4t made in Switzerland. Erfahren Sie mehr.","robots":{"index":"index","follow":"follow","max-snippet":"max-snippet:-1","max-image-preview":"max-image-preview:large","max-video-preview":"max-video-preview:-1"},"canonical":"https:\/\/sintetica.de\/de-at\/anaesthesie-und-schmerztherapie\/","og_locale":"de_DE","og_type":"article","og_title":"An\u00e4sthesie & Schmerztherapie: Sintetica","og_description":"Sintetica \u2013 Ihr Partner f\u00fcr An\u00e4sthetika in Intensivstation und Operationssaal. Top-Qualit\u00e4t made in Switzerland. Erfahren Sie mehr.","og_url":"https:\/\/sintetica.de\/de-at\/anaesthesie-und-schmerztherapie\/","og_site_name":"Sintetica","article_modified_time":"2025-09-03T08:54:19+00:00","og_image":[{"width":600,"height":184,"url":"https:\/\/sintetica.de\/wp-content\/uploads\/2023\/03\/sintetica-logo.png","type":"image\/png"}],"twitter_card":"summary_large_image","twitter_misc":{"Gesch\u00e4tzte Lesezeit":"3 Minuten"},"schema":{"@context":"https:\/\/schema.org","@graph":[{"@type":"WebPage","@id":"https:\/\/sintetica.de\/de-at\/anaesthesie-und-schmerztherapie\/","url":"https:\/\/sintetica.de\/de-at\/anaesthesie-und-schmerztherapie\/","name":"An\u00e4sthesie & Schmerztherapie: Sintetica","isPartOf":{"@id":"https:\/\/sintetica.de\/de-at\/#website"},"datePublished":"2023-04-11T13:01:16+00:00","dateModified":"2025-09-03T08:54:19+00:00","description":"Sintetica \u2013 Ihr Partner f\u00fcr An\u00e4sthetika in Intensivstation und Operationssaal. Top-Qualit\u00e4t made in Switzerland. Erfahren Sie mehr.","breadcrumb":{"@id":"https:\/\/sintetica.de\/de-at\/anaesthesie-und-schmerztherapie\/#breadcrumb"},"inLanguage":"de-AT","potentialAction":[{"@type":"ReadAction","target":["https:\/\/sintetica.de\/de-at\/anaesthesie-und-schmerztherapie\/"]}]},{"@type":"BreadcrumbList","@id":"https:\/\/sintetica.de\/de-at\/anaesthesie-und-schmerztherapie\/#breadcrumb","itemListElement":[{"@type":"ListItem","position":1,"name":"Startseite","item":"https:\/\/sintetica.de\/de-at\/"},{"@type":"ListItem","position":2,"name":"An\u00e4sthesie und Schmerztherapie"}]},{"@type":"WebSite","@id":"https:\/\/sintetica.de\/de-at\/#website","url":"https:\/\/sintetica.de\/de-at\/","name":"Sintetica","description":"Improving Therapies","publisher":{"@id":"https:\/\/sintetica.de\/de-at\/#organization"},"potentialAction":[{"@type":"SearchAction","target":{"@type":"EntryPoint","urlTemplate":"https:\/\/sintetica.de\/de-at\/?s={search_term_string}"},"query-input":{"@type":"PropertyValueSpecification","valueRequired":true,"valueName":"search_term_string"}}],"inLanguage":"de-AT"},{"@type":"Organization","@id":"https:\/\/sintetica.de\/de-at\/#organization","name":"Sintetica GmbH","url":"https:\/\/sintetica.de\/de-at\/","logo":{"@type":"ImageObject","inLanguage":"de-AT","@id":"https:\/\/sintetica.de\/de-at\/#\/schema\/logo\/image\/","url":"https:\/\/sintetica.de\/wp-content\/uploads\/2023\/03\/sintetica-logo.png","contentUrl":"https:\/\/sintetica.de\/wp-content\/uploads\/2023\/03\/sintetica-logo.png","width":600,"height":184,"caption":"Sintetica GmbH"},"image":{"@id":"https:\/\/sintetica.de\/de-at\/#\/schema\/logo\/image\/"}}]}},"_links":{"self":[{"href":"https:\/\/sintetica.de\/de-at\/wp-json\/wp\/v2\/pages\/442","targetHints":{"allow":["GET"]}}],"collection":[{"href":"https:\/\/sintetica.de\/de-at\/wp-json\/wp\/v2\/pages"}],"about":[{"href":"https:\/\/sintetica.de\/de-at\/wp-json\/wp\/v2\/types\/page"}],"author":[{"embeddable":true,"href":"https:\/\/sintetica.de\/de-at\/wp-json\/wp\/v2\/users\/1"}],"replies":[{"embeddable":true,"href":"https:\/\/sintetica.de\/de-at\/wp-json\/wp\/v2\/comments?post=442"}],"version-history":[{"count":10,"href":"https:\/\/sintetica.de\/de-at\/wp-json\/wp\/v2\/pages\/442\/revisions"}],"predecessor-version":[{"id":3623,"href":"https:\/\/sintetica.de\/de-at\/wp-json\/wp\/v2\/pages\/442\/revisions\/3623"}],"wp:attachment":[{"href":"https:\/\/sintetica.de\/de-at\/wp-json\/wp\/v2\/media?parent=442"}],"curies":[{"name":"wp","href":"https:\/\/api.w.org\/{rel}","templated":true}]}}